{"id":75260,"date":"2019-05-22T14:40:47","date_gmt":"2019-05-22T13:40:47","guid":{"rendered":"https:\/\/konsiv.com\/?post_type=product&#038;p=75260"},"modified":"2019-05-22T14:48:43","modified_gmt":"2019-05-22T13:48:43","slug":"duplex-5ch-douzen3","status":"publish","type":"product","link":"https:\/\/konsiv.com\/en\/product\/duplex-5ch-douzen3\/","title":{"rendered":"DUPLEX 5Ch DouZen3"},"content":{"rendered":"<table border=\"0\" width=\"90%\" cellspacing=\"0\" cellpadding=\"5\">\n<tbody>\n<tr>\n<td width=\"292\"><strong><u>Sp\u00e9cification<\/u> <\/strong><\/td>\n<td width=\"298\"><strong>Constitution du RDC<\/strong><\/td>\n<td width=\"277\"><strong>Constitution de l&#8217;etage<\/strong><\/td>\n<\/tr>\n<tr>\n<td>Longueur\u00a0B\u00e2timent :\u00a0\u00a0\u00a016,50 m<br \/>\nLargeur B\u00e2timent\u00a0:\u00a0\u00a0\u00a0\u00a0\u00a0 9,1 m<\/td>\n<td>\n<ul>\n<li><em>S\u00e9jour Familial <\/em><\/li>\n<li><em>SAM<\/em><\/li>\n<li><em>2 Chambres Moderne avec toilette commune<\/em><\/li>\n<li><em>1 Toilette Visiteur<\/em><\/li>\n<li><em>2 V\u00e9randas<\/em><\/li>\n<li><em>Garage Voiture<\/em><\/li>\n<li><em>Cuisine moderne <\/em><\/li>\n<\/ul>\n<\/td>\n<td>\n<ul>\n<li><em>S\u00e9jour Intime<\/em><\/li>\n<li><em>Suite parentale\u00a0: Chambre \u00a0+ Dressing +Toilettes <\/em><\/li>\n<li><em>03 Chambres avec toilettes communes<\/em><\/li>\n<li><em>02 Terrasses<\/em><\/li>\n<\/ul>\n<\/td>\n<\/tr>\n<\/tbody>\n<\/table>\n","protected":false},"excerpt":{"rendered":"<p>Superficie au sol : 165 m\u00b2<br \/>\nCo\u00fbt de construction Gros \u0152uvre Yaound\u00e9 (HT) : 98 900 FCFA\/m\u00b2<\/p>\n","protected":false},"featured_media":75261,"comment_status":"open","ping_status":"closed","template":"","meta":[],"product_brand":[],"product_cat":[32,109],"product_tag":[103,106,110,104],"class_list":{"0":"post-75260","1":"product","2":"type-product","3":"status-publish","4":"has-post-thumbnail","6":"product_cat-batiments-residences","7":"product_cat-duplex-5-chambres","8":"product_tag-batiments-residences","9":"product_tag-duplex","10":"product_tag-duplex-5-chambres","11":"product_tag-residences","13":"first","14":"instock","15":"downloadable","16":"shipping-taxable","17":"purchasable","18":"product-type-simple"},"_links":{"self":[{"href":"https:\/\/konsiv.com\/en\/wp-json\/wp\/v2\/product\/75260\/"}],"collection":[{"href":"https:\/\/konsiv.com\/en\/wp-json\/wp\/v2\/product\/"}],"about":[{"href":"https:\/\/konsiv.com\/en\/wp-json\/wp\/v2\/types\/product\/"}],"replies":[{"embeddable":true,"href":"https:\/\/konsiv.com\/en\/wp-json\/wp\/v2\/comments\/?post=75260"}],"wp:featuredmedia":[{"embeddable":true,"href":"https:\/\/konsiv.com\/en\/wp-json\/wp\/v2\/media\/75261\/"}],"wp:attachment":[{"href":"https:\/\/konsiv.com\/en\/wp-json\/wp\/v2\/media\/?parent=75260"}],"wp:term":[{"taxonomy":"product_brand","embeddable":true,"href":"https:\/\/konsiv.com\/en\/wp-json\/wp\/v2\/product_brand\/?post=75260"},{"taxonomy":"product_cat","embeddable":true,"href":"https:\/\/konsiv.com\/en\/wp-json\/wp\/v2\/product_cat\/?post=75260"},{"taxonomy":"product_tag","embeddable":true,"href":"https:\/\/konsiv.com\/en\/wp-json\/wp\/v2\/product_tag\/?post=75260"}],"curies":[{"name":"wp","href":"https:\/\/api.w.org\/{rel}","templated":true}]}}