{"id":75283,"date":"2019-05-22T15:32:32","date_gmt":"2019-05-22T14:32:32","guid":{"rendered":"https:\/\/konsiv.com\/?post_type=product&#038;p=75283"},"modified":"2019-05-22T15:32:33","modified_gmt":"2019-05-22T14:32:33","slug":"villa-4-chambres-foubmbac","status":"publish","type":"product","link":"https:\/\/konsiv.com\/en\/product\/villa-4-chambres-foubmbac\/","title":{"rendered":"Villa 4 Chambres FoubMbac"},"content":{"rendered":"<table width=\"90%\" height=\"\" border=\"0\" cellpadding=\"5\" cellspacing=\"0\">\n<tbody>\n<tr>\n<td width=\"292\">\n<p><strong><u>Sp\u00e9cification<\/u> <\/strong><\/p>\n<\/td>\n<td width=\"298\">\n<p><strong>Constitution de la villa<\/strong><\/p>\n<\/td>\n<\/tr>\n<tr>\n<td>\n<p>Longueur&nbsp;B\u00e2timent  :\u00a0\u00a0\u00a0 18,8 m\u00a0\u00a0\u00a0\u00a0\u00a0\u00a0\u00a0\u00a0 <br \/>\nLargeur  B\u00e2timent&nbsp;:\u00a0\u00a0\u00a0\u00a0\u00a0  15,6 m<\/p>\n<\/td>\n<td>\n<ul>\n<li><em>S\u00e9jours (familial &amp; r\u00e9serv\u00e9) + SAM<\/em><\/li>\n<li><em>Suite parentale&nbsp;: Chambre + Dressing +  Bureau + \u00a0Toilettes<\/em><\/li>\n<li><em>3Chambres + Toilettes communes<\/em><\/li>\n<li><em>Cuisine moderne + R\u00e9serve + v\u00e9randa<\/em><\/li>\n<li><em>Hall D&rsquo;entr\u00e9e<\/em><\/li>\n<\/ul>\n<\/td>\n<\/tr>\n<\/tbody>\n<\/table>\n","protected":false},"excerpt":{"rendered":"<p>Superficie au sol : 170 m\u00b2<br \/>\nMontant de construction \u00e0 Bagangt\u00e9: 85 000 FCFA\/m\u00b2<\/p>\n","protected":false},"featured_media":75284,"comment_status":"open","ping_status":"closed","template":"","meta":[],"product_brand":[],"product_cat":[32,116],"product_tag":[80,103,104,117,119],"class_list":{"0":"post-75283","1":"product","2":"type-product","3":"status-publish","4":"has-post-thumbnail","6":"product_cat-batiments-residences","7":"product_cat-villas","8":"product_tag-batiments","9":"product_tag-batiments-residences","10":"product_tag-residences","11":"product_tag-villas","12":"product_tag-villas-4ch","14":"first","15":"instock","16":"downloadable","17":"shipping-taxable","18":"purchasable","19":"product-type-simple"},"_links":{"self":[{"href":"https:\/\/konsiv.com\/en\/wp-json\/wp\/v2\/product\/75283\/"}],"collection":[{"href":"https:\/\/konsiv.com\/en\/wp-json\/wp\/v2\/product\/"}],"about":[{"href":"https:\/\/konsiv.com\/en\/wp-json\/wp\/v2\/types\/product\/"}],"replies":[{"embeddable":true,"href":"https:\/\/konsiv.com\/en\/wp-json\/wp\/v2\/comments\/?post=75283"}],"wp:featuredmedia":[{"embeddable":true,"href":"https:\/\/konsiv.com\/en\/wp-json\/wp\/v2\/media\/75284\/"}],"wp:attachment":[{"href":"https:\/\/konsiv.com\/en\/wp-json\/wp\/v2\/media\/?parent=75283"}],"wp:term":[{"taxonomy":"product_brand","embeddable":true,"href":"https:\/\/konsiv.com\/en\/wp-json\/wp\/v2\/product_brand\/?post=75283"},{"taxonomy":"product_cat","embeddable":true,"href":"https:\/\/konsiv.com\/en\/wp-json\/wp\/v2\/product_cat\/?post=75283"},{"taxonomy":"product_tag","embeddable":true,"href":"https:\/\/konsiv.com\/en\/wp-json\/wp\/v2\/product_tag\/?post=75283"}],"curies":[{"name":"wp","href":"https:\/\/api.w.org\/{rel}","templated":true}]}}